{"id":1012,"date":"2022-07-11T11:32:26","date_gmt":"2022-07-11T11:32:26","guid":{"rendered":"https:\/\/hradriaconnect.com\/?page_id=1012"},"modified":"2022-07-12T05:36:05","modified_gmt":"2022-07-12T05:36:05","slug":"varnost-in-zasebnost","status":"publish","type":"page","link":"https:\/\/hradriaconnect.com\/sl\/o-nas\/varnost-in-zasebnost\/","title":{"rendered":"Varnost in zasebnost"},"content":{"rendered":"\t<section class=\"section\" id=\"section_234545718\">\n\t\t<div class=\"bg section-bg fill bg-fill  \" >\n\n\t\t\t\n\t\t\t<button class=\"scroll-for-more z-5 icon absolute bottom h-center\" aria-label=\"Scroll for more\"><i class=\"icon-angle-down\" style=\"font-size:42px;\"><\/i><\/button>\n\t\t\t\n\n\t\t<\/div>\n\n\t\t\n\n\t\t<div class=\"section-content relative\">\n\t\t\t\n<div class=\"row align-center\"  id=\"row-494661958\">\n\n\t<div id=\"col-496932248\" class=\"col small-12 large-12\"  >\n\t\t\t\t<div class=\"col-inner\"  >\n\t\t\t\n\t\t\t\n<h1 class=\"m-tit\">POLITIKA ZASEBNOSTI<\/h1>\n<div class=\"text-center\"><div class=\"is-divider divider clearfix\" style=\"max-width:150px;height:1px;background-color:rgb(255, 255, 255);\"><\/div><\/div>\n\t<div id=\"gap-1169789867\" class=\"gap-element clearfix\" style=\"display:block; height:auto;\">\n\t\t\n<style>\n#gap-1169789867 {\n  padding-top: 30px;\n}\n<\/style>\n\t<\/div>\n\t\n\t\t<\/div>\n\t\t\t\t\t<\/div>\n\n\t\n<\/div>\n\t\t<\/div>\n\n\t\t\n<style>\n#section_234545718 {\n  padding-top: 30px;\n  padding-bottom: 30px;\n  min-height: 50vh;\n}\n#section_234545718 .section-bg.bg-loaded {\n  background-image: url(https:\/\/hradriaconnect.com\/wp-content\/uploads\/2022\/06\/Group-111.png);\n}\n#section_234545718 .ux-shape-divider--top svg {\n  height: 150px;\n  --divider-top-width: 100%;\n}\n#section_234545718 .ux-shape-divider--bottom svg {\n  height: 150px;\n  --divider-width: 100%;\n}\n@media (min-width:550px) {\n  #section_234545718 {\n    min-height: 75vh;\n  }\n}\n<\/style>\n\t<\/section>\n\t\n\t<section class=\"section\" id=\"section_777048429\">\n\t\t<div class=\"bg section-bg fill bg-fill  bg-loaded\" >\n\n\t\t\t\n\t\t\t\n\t\t\t\n\n\t\t<\/div>\n\n\t\t\n\n\t\t<div class=\"section-content relative\">\n\t\t\t\n\t<div id=\"gap-720931151\" class=\"gap-element clearfix\" style=\"display:block; height:auto;\">\n\t\t\n<style>\n#gap-720931151 {\n  padding-top: 30px;\n}\n<\/style>\n\t<\/div>\n\t\n<div class=\"row\"  id=\"row-811888483\">\n\n\t<div id=\"col-1184962606\" class=\"col medium-12 small-12 large-12\"  >\n\t\t\t\t<div class=\"col-inner\"  >\n\t\t\t\n\t\t\t\n<h4 class=\"mini-t\" style=\"text-align: left;\">Politika zasebnosti<\/h4>\n<h2 class=\"sec-tit\" style=\"text-align: left;\">Na\u0161a politika zasebnosti<\/h2>\n\t<div id=\"gap-439920018\" class=\"gap-element clearfix\" style=\"display:block; height:auto;\">\n\t\t\n<style>\n#gap-439920018 {\n  padding-top: 30px;\n}\n<\/style>\n\t<\/div>\n\t\n\t<div id=\"text-251772657\" class=\"text\">\n\t\t\n<h2><span style=\"color: #000000;\">Izjava o obveznosti obve\u0161\u010danja<\/span><\/h2>\n<p>Varstvo va\u0161ih osebnih podatkov je za nas zelo pomembno. Va\u0161e podatke obdelujemo izklju\u010dno na podlagi zakonskih dolo\u010db (Splo\u0161na uredba o varstvu podatkov \u2013 Uredba (EU) 2016\/679, Zakon o spremembi zakona o varstvu podatkov 2018, Zakon o telekomunikacijah 2003). V pri\u010dujo\u010dih informacijah o varstvu podatkov vas obve\u0161\u010damo o pomembnih vidikih obdelave podatkov v okviru na\u0161e spletne strani.<\/p>\n<p><strong>\u00a0<\/strong><\/p>\n<h2><span style=\"color: #000000;\">Va\u0161i podatki<\/span><\/h2>\n<p>Zajemanje in obdelava va\u0161ih podatkov\u2028: obdelava osebnih podatkov, ki nam jih prostovoljno date na razpolago, je potrebna, da lahko obdelujemo va\u0161a poslana sporo\u010dila, povpra\u0161evanja, prijave, naro\u010dila, pro\u0161nje itd., pripravljamo in sklepamo pogodbe ter vam po\u0161iljamo elektronske novice\/obvestila<\/p>\n<p>\u00a0<\/p>\n<h2><span style=\"color: #000000;\">Posredovanje podatkov<\/span><\/h2>\n<p>Va\u0161e podatke znotraj\u00a0HR Adria Connect d.o.o.\u00a0posredujemo le, \u010de to slu\u017ei izpolnitvi va\u0161e zahteve ali va\u0161emu interesu. Varujemo zaupnost va\u0161ih podatkov in le-teh ne bomo prodali, dali v najem ali na voljo tretjim osebam.<br \/>Posredovanje dr\u017eavnim ustanovam in organom se izvede le v okviru obvezne nacionalne zakonodaje.<\/p>\n<p><strong>\u00a0<\/strong><\/p>\n<h2><span style=\"color: #000000;\">Pi\u0161kotki<\/span><\/h2>\n<p>Na\u0161e spletne strani uporabljajo tako imenovane pi\u0161kotke (cookie).<\/p>\n<p>Ta stran uporablja pi\u0161kotke za izbolj\u0161anje uporabni\u0161ke izku\u0161nje in za spremljanje podatkov o obiskanosti strani.<\/p>\n<p>Nekateri pi\u0161kotki ostanejo shranjeni na va\u0161em ra\u010dunalniku, dokler jih ne izbri\u0161ete. Pi\u0161kotki omogo\u010dajo, da pri va\u0161em naslednjem obisku prepoznamo va\u0161 brskalnik.<\/p>\n<p>\u010ce tega ne \u017eelite, lahko brskalnik nastavite tako, da boste o uporabi pi\u0161kotkov obve\u0161\u010deni in jih boste dovolili le v posami\u010dnem primeru. Pri deaktiviranju pi\u0161kotkov je funkcionalnost na\u0161e spletne strani lahko omejena.<\/p>\n<p>\u00a0<\/p>\n<h2><span style=\"color: #000000;\">Googlova analitika<\/span><\/h2>\n<p>Na na\u0161ih spletnih straneh uporabljamo Googlovo analitiko, spletno storitev Google Inc. (\u201cGoogle\u201d). Googlova analitika uporablja tako imenovane \u201cpi\u0161kotke\u201d, tekstovne datoteke, ki se shranijo na va\u0161em ra\u010dunalniku in omogo\u010dajo analizo va\u0161e uporabe spletne strani. Te s pi\u0161kotkom pridobljene informacije o va\u0161i uporabi te spletne strani (vklju\u010dno z va\u0161im IP-naslovom) se prenesejo na Googlov stre\u017enik v ZDA in tam shranijo. Google bo uporabil te informacije tako, da bo analiziral va\u0161o uporabo spletne strani, sestavil poro\u010dila o spletnih aktivnostih za upravitelja spletne strani in izvedel druge storitve, ki so povezane z uporabo spletne strani in interneta. Google bo te informacije eventualno prenesel na tretje osebe, kolikor je to zakonsko predpisano ali v primeru, da tretje osebe po naro\u010dilu Googla obdelujejo te podatke. Google v nobenem primeru va\u0161ega IP-naslova ne bo povezal z drugimi Googlovimi podatki.<\/p>\n<p>Instalacijo pi\u0161kotkov lahko z ustrezno nastavitvijo brskalnika programske opreme prepre\u010dite; vendar opozarjamo, da v tem primeru morda ne boste mogli v polnem obsegu koristiti vseh funkcij te spletne strani. Z uporabo te spletne strani izjavljate, da se strinjate z obdelavo podatkov, ki se prek Googla zbirajo o vas na zgoraj opisani na\u010din in za zgoraj navedene namene. Uporaba Googlove analitike slu\u017ei izklju\u010dno namenu lastnega optimiziranja in oblikovanja na\u0161ih spletnih strani glede na potrebe obiskovalcev. Ve\u010d informacij o tehnologiji, ki jo uporablja Google, si lahko preberete na spletni povezavi www.google.com\/analytics.<\/p>\n<p><strong>\u00a0<\/strong><\/p>\n<h2><span style=\"color: #000000;\">Elektrons<\/span><span style=\"color: #000000;\">ke novice, sporo\u010dila, obvestila<\/span><\/h2>\n<p>Prek na\u0161e spletne strani se lahko naro\u010dite na na\u0161e elektronsk obve\u0161\u010danje (novice, sporo\u010dila, obvestila). V ta namen potrebujemo va\u0161e ime, e-naslov in va\u0161o izjavo, da se s prejemanjem elektronskih sporo\u010dil strinjate.<br \/>Naro\u010danje na elektronska obvestila ali novice lahko kadar koli prekli\u010dete. Za odjavo od elektronskih obvestil po\u0161ljite sporo\u010dilo na naslednji naslov: info@hradriaconnect.si. Po prejeti zahtevi za odjavo bomo va\u0161e podatke v zvezi s po\u0161iljanjem elektronskih obvestil izbrisali.<\/p>\n<p><strong>\u00a0<\/strong><\/p>\n<h2><span style=\"color: #000000;\">Va\u0161e pravice<\/span><\/h2>\n<p>Na\u010deloma vam pripadajo pravice do informacije, popravka, izbrisa, omejitve, prenosa podatkov, preklica in ugovora. \u010ce menite, da je obdelava Va\u0161ih podatkov v nasprotju z zakonom o varstvu podatkov ali so bile sicer na kakr\u0161en koli na\u010din kr\u0161ene va\u0161e pravice s podro\u010dja varstva podatkov, se lahko prito\u017eite pri nadzornem organu.<\/p>\n<p>Od HR Adria Connect d.o.o. imate pravico zahtevati informacije o osebnih podatkih, ki smo jih shranili o vas. Poleg tega imate pravico zahtevati, da se podatki popravijo, izbri\u0161ejo, da se njihova obdelava omeji ali ustavi in da se shranjeni podatki v primerni obliki posredujejo vam ali z va\u0161e strani imenovani tretji osebi.<\/p>\n<p>\u010ce va\u0161e zahteve ni mogo\u010de obdelati oz. ne bo obdelana v roku enega meseca po prejetju, imate pravico podati prito\u017ebo pri nadzornemu organu. Pristojni nadzorni organ je Informacijski poobla\u0161\u010denec Republike Slovenije.\u00a0<\/p>\n<p>\u00a0<\/p>\n<p>Svoja vpra\u0161anja ali zahteve lahko po e-po\u0161ti po\u0161ljete na naslednje naslove:\u00a0<\/p>\n<p>HR Adria Connect d.o.o.<br \/>info@hradriaconnect.com<\/p>\n<p>Prosimo, da navedete va\u0161e kontaktne podatke, ime spletne strani ali vsakokratne storitve ter podroben opis va\u0161e zahteve oz. \u017eelje glede varstva podatkov.<\/p>\n\t\t\n<style>\n#text-251772657 {\n  font-size: 0.85rem;\n}\n@media (min-width:550px) {\n  #text-251772657 {\n    font-size: 1rem;\n  }\n}\n<\/style>\n\t<\/div>\n\t\n\t\t<\/div>\n\t\t\t\t\t<\/div>\n\n\t\n<\/div>\n\t\t<\/div>\n\n\t\t\n<style>\n#section_777048429 {\n  padding-top: 75px;\n  padding-bottom: 75px;\n  background-color: rgb(255, 255, 255);\n}\n#section_777048429 .ux-shape-divider--top svg {\n  height: 150px;\n  --divider-top-width: 100%;\n}\n#section_777048429 .ux-shape-divider--bottom svg {\n  height: 150px;\n  --divider-width: 100%;\n}\n<\/style>\n\t<\/section>\n\t\n","protected":false},"excerpt":{"rendered":"","protected":false},"author":1,"featured_media":0,"parent":979,"menu_order":0,"comment_status":"closed","ping_status":"closed","template":"page-left-sidebar.php","meta":{"footnotes":""},"class_list":["post-1012","page","type-page","status-publish","hentry"],"yoast_head":"<!-- This site is optimized with the Yoast SEO plugin v19.5.1 - https:\/\/yoast.com\/wordpress\/plugins\/seo\/ -->\n<title>Varnost in zasebnost - HR Adria Connect<\/title>\n<meta name=\"robots\" content=\"index, follow, max-snippet:-1, max-image-preview:large, max-video-preview:-1\" \/>\n<link rel=\"canonical\" href=\"https:\/\/hradriaconnect.com\/sl\/o-nas\/varnost-in-zasebnost\/\" \/>\n<meta property=\"og:locale\" content=\"sl_SI\" \/>\n<meta property=\"og:type\" content=\"article\" \/>\n<meta property=\"og:title\" content=\"Varnost in zasebnost - HR Adria Connect\" \/>\n<meta property=\"og:url\" content=\"https:\/\/hradriaconnect.com\/sl\/o-nas\/varnost-in-zasebnost\/\" \/>\n<meta property=\"og:site_name\" content=\"HR Adria Connect\" \/>\n<meta property=\"article:modified_time\" content=\"2022-07-12T05:36:05+00:00\" \/>\n<meta name=\"twitter:card\" content=\"summary_large_image\" \/>\n<meta name=\"twitter:label1\" content=\"Est. reading time\" \/>\n\t<meta name=\"twitter:data1\" content=\"4 minute\" \/>\n<script type=\"application\/ld+json\" class=\"yoast-schema-graph\">{\"@context\":\"https:\/\/schema.org\",\"@graph\":[{\"@type\":\"WebPage\",\"@id\":\"https:\/\/hradriaconnect.com\/sl\/o-nas\/varnost-in-zasebnost\/\",\"url\":\"https:\/\/hradriaconnect.com\/sl\/o-nas\/varnost-in-zasebnost\/\",\"name\":\"Varnost in zasebnost - HR Adria Connect\",\"isPartOf\":{\"@id\":\"https:\/\/hradriaconnect.com\/#website\"},\"datePublished\":\"2022-07-11T11:32:26+00:00\",\"dateModified\":\"2022-07-12T05:36:05+00:00\",\"breadcrumb\":{\"@id\":\"https:\/\/hradriaconnect.com\/sl\/o-nas\/varnost-in-zasebnost\/#breadcrumb\"},\"inLanguage\":\"sl-SI\",\"potentialAction\":[{\"@type\":\"ReadAction\",\"target\":[\"https:\/\/hradriaconnect.com\/sl\/o-nas\/varnost-in-zasebnost\/\"]}]},{\"@type\":\"BreadcrumbList\",\"@id\":\"https:\/\/hradriaconnect.com\/sl\/o-nas\/varnost-in-zasebnost\/#breadcrumb\",\"itemListElement\":[{\"@type\":\"ListItem\",\"position\":1,\"name\":\"Home\",\"item\":\"https:\/\/hradriaconnect.com\/sl\/\"},{\"@type\":\"ListItem\",\"position\":2,\"name\":\"O nas\",\"item\":\"https:\/\/hradriaconnect.com\/sl\/o-nas\/\"},{\"@type\":\"ListItem\",\"position\":3,\"name\":\"Varnost in zasebnost\"}]},{\"@type\":\"WebSite\",\"@id\":\"https:\/\/hradriaconnect.com\/#website\",\"url\":\"https:\/\/hradriaconnect.com\/\",\"name\":\"HR Adria Connect\",\"description\":\"Global reach, regional excellence\",\"publisher\":{\"@id\":\"https:\/\/hradriaconnect.com\/#organization\"},\"potentialAction\":[{\"@type\":\"SearchAction\",\"target\":{\"@type\":\"EntryPoint\",\"urlTemplate\":\"https:\/\/hradriaconnect.com\/?s={search_term_string}\"},\"query-input\":\"required name=search_term_string\"}],\"inLanguage\":\"sl-SI\"},{\"@type\":\"Organization\",\"@id\":\"https:\/\/hradriaconnect.com\/#organization\",\"name\":\"HR Adria Connect\",\"url\":\"https:\/\/hradriaconnect.com\/\",\"sameAs\":[\"https:\/\/www.linkedin.com\/company\/hr-adria-connect\/\"],\"logo\":{\"@type\":\"ImageObject\",\"inLanguage\":\"sl-SI\",\"@id\":\"https:\/\/hradriaconnect.com\/#\/schema\/logo\/image\/\",\"url\":\"https:\/\/hradriaconnect.com\/wp-content\/uploads\/2022\/07\/Logo_HR-Adria-Connect.png\",\"contentUrl\":\"https:\/\/hradriaconnect.com\/wp-content\/uploads\/2022\/07\/Logo_HR-Adria-Connect.png\",\"width\":173,\"height\":129,\"caption\":\"HR Adria Connect\"},\"image\":{\"@id\":\"https:\/\/hradriaconnect.com\/#\/schema\/logo\/image\/\"}}]}<\/script>\n<!-- \/ Yoast SEO plugin. -->","yoast_head_json":{"title":"Varnost in zasebnost - HR Adria Connect","robots":{"index":"index","follow":"follow","max-snippet":"max-snippet:-1","max-image-preview":"max-image-preview:large","max-video-preview":"max-video-preview:-1"},"canonical":"https:\/\/hradriaconnect.com\/sl\/o-nas\/varnost-in-zasebnost\/","og_locale":"sl_SI","og_type":"article","og_title":"Varnost in zasebnost - HR Adria Connect","og_url":"https:\/\/hradriaconnect.com\/sl\/o-nas\/varnost-in-zasebnost\/","og_site_name":"HR Adria Connect","article_modified_time":"2022-07-12T05:36:05+00:00","twitter_card":"summary_large_image","twitter_misc":{"Est. reading time":"4 minute"},"schema":{"@context":"https:\/\/schema.org","@graph":[{"@type":"WebPage","@id":"https:\/\/hradriaconnect.com\/sl\/o-nas\/varnost-in-zasebnost\/","url":"https:\/\/hradriaconnect.com\/sl\/o-nas\/varnost-in-zasebnost\/","name":"Varnost in zasebnost - HR Adria Connect","isPartOf":{"@id":"https:\/\/hradriaconnect.com\/#website"},"datePublished":"2022-07-11T11:32:26+00:00","dateModified":"2022-07-12T05:36:05+00:00","breadcrumb":{"@id":"https:\/\/hradriaconnect.com\/sl\/o-nas\/varnost-in-zasebnost\/#breadcrumb"},"inLanguage":"sl-SI","potentialAction":[{"@type":"ReadAction","target":["https:\/\/hradriaconnect.com\/sl\/o-nas\/varnost-in-zasebnost\/"]}]},{"@type":"BreadcrumbList","@id":"https:\/\/hradriaconnect.com\/sl\/o-nas\/varnost-in-zasebnost\/#breadcrumb","itemListElement":[{"@type":"ListItem","position":1,"name":"Home","item":"https:\/\/hradriaconnect.com\/sl\/"},{"@type":"ListItem","position":2,"name":"O nas","item":"https:\/\/hradriaconnect.com\/sl\/o-nas\/"},{"@type":"ListItem","position":3,"name":"Varnost in zasebnost"}]},{"@type":"WebSite","@id":"https:\/\/hradriaconnect.com\/#website","url":"https:\/\/hradriaconnect.com\/","name":"HR Adria Connect","description":"Global reach, regional excellence","publisher":{"@id":"https:\/\/hradriaconnect.com\/#organization"},"potentialAction":[{"@type":"SearchAction","target":{"@type":"EntryPoint","urlTemplate":"https:\/\/hradriaconnect.com\/?s={search_term_string}"},"query-input":"required name=search_term_string"}],"inLanguage":"sl-SI"},{"@type":"Organization","@id":"https:\/\/hradriaconnect.com\/#organization","name":"HR Adria Connect","url":"https:\/\/hradriaconnect.com\/","sameAs":["https:\/\/www.linkedin.com\/company\/hr-adria-connect\/"],"logo":{"@type":"ImageObject","inLanguage":"sl-SI","@id":"https:\/\/hradriaconnect.com\/#\/schema\/logo\/image\/","url":"https:\/\/hradriaconnect.com\/wp-content\/uploads\/2022\/07\/Logo_HR-Adria-Connect.png","contentUrl":"https:\/\/hradriaconnect.com\/wp-content\/uploads\/2022\/07\/Logo_HR-Adria-Connect.png","width":173,"height":129,"caption":"HR Adria Connect"},"image":{"@id":"https:\/\/hradriaconnect.com\/#\/schema\/logo\/image\/"}}]}},"_links":{"self":[{"href":"https:\/\/hradriaconnect.com\/sl\/wp-json\/wp\/v2\/pages\/1012","targetHints":{"allow":["GET"]}}],"collection":[{"href":"https:\/\/hradriaconnect.com\/sl\/wp-json\/wp\/v2\/pages"}],"about":[{"href":"https:\/\/hradriaconnect.com\/sl\/wp-json\/wp\/v2\/types\/page"}],"author":[{"embeddable":true,"href":"https:\/\/hradriaconnect.com\/sl\/wp-json\/wp\/v2\/users\/1"}],"replies":[{"embeddable":true,"href":"https:\/\/hradriaconnect.com\/sl\/wp-json\/wp\/v2\/comments?post=1012"}],"version-history":[{"count":3,"href":"https:\/\/hradriaconnect.com\/sl\/wp-json\/wp\/v2\/pages\/1012\/revisions"}],"predecessor-version":[{"id":1031,"href":"https:\/\/hradriaconnect.com\/sl\/wp-json\/wp\/v2\/pages\/1012\/revisions\/1031"}],"up":[{"embeddable":true,"href":"https:\/\/hradriaconnect.com\/sl\/wp-json\/wp\/v2\/pages\/979"}],"wp:attachment":[{"href":"https:\/\/hradriaconnect.com\/sl\/wp-json\/wp\/v2\/media?parent=1012"}],"curies":[{"name":"wp","href":"https:\/\/api.w.org\/{rel}","templated":true}]}}